{"id":482,"date":"2020-09-24T18:21:36","date_gmt":"2020-09-24T18:21:36","guid":{"rendered":"http:\/\/psycholoog-psychotherapeut.com\/?page_id=482"},"modified":"2026-01-13T20:28:02","modified_gmt":"2026-01-13T20:28:02","slug":"opleiding","status":"publish","type":"page","link":"https:\/\/psycholoog-psychotherapeut.com\/index.php\/opleiding\/","title":{"rendered":"Opleiding"},"content":{"rendered":"\t\t<div data-elementor-type=\"wp-post\" data-elementor-id=\"482\" class=\"elementor elementor-482\">\n\t\t\t\t\t\t<section class=\"elementor-section elementor-top-section elementor-element elementor-element-c74bffb elementor-section-boxed elementor-section-height-default elementor-section-height-default\" data-id=\"c74bffb\" data-element_type=\"section\">\n\t\t\t\t\t\t<div class=\"elementor-container elementor-column-gap-default\">\n\t\t\t\t\t<div class=\"elementor-column elementor-col-50 elementor-top-column elementor-element elementor-element-9d953cd\" data-id=\"9d953cd\" data-element_type=\"column\">\n\t\t\t<div class=\"elementor-widget-wrap elementor-element-populated\">\n\t\t\t\t\t\t<div class=\"elementor-element elementor-element-c0a968d elementor-widget elementor-widget-heading\" data-id=\"c0a968d\" data-element_type=\"widget\" data-widget_type=\"heading.default\">\n\t\t\t\t<div class=\"elementor-widget-container\">\n\t\t\t\t\t<h2 class=\"elementor-heading-title elementor-size-default\">Opleiding<\/h2>\t\t\t\t<\/div>\n\t\t\t\t<\/div>\n\t\t\t\t<div class=\"elementor-element elementor-element-f16b1ee elementor-widget elementor-widget-text-editor\" data-id=\"f16b1ee\" data-element_type=\"widget\" data-widget_type=\"text-editor.default\">\n\t\t\t\t<div class=\"elementor-widget-container\">\n\t\t\t\t\t\t\t\t\t<p>In 2009 studeerde ik met onderscheiding af als master in de klinische psychologie aan de Universiteit van Gent. Naast mijn universitaire opleiding, volgde ik ook verschillende bijkomende therapeutische opleidingen.<br \/>Deze specialisaties stellen me in staat om als psychotherapeute kwalitatief werk te leveren. Elke persoon en elke klacht is immers anders en vereist een zeer specifieke aanpak.<\/p><p><strong>De therapeutische opleidingen die ik heb gevolgd:<\/strong><\/p><ul><li style=\"list-style-type: none;\"><ul><li>Een vierjarige therapieopleiding in de oplossingsgerichte cognitieve en systeemtherapie (Korzybski instituut)<\/li><\/ul><\/li><\/ul><ul><li style=\"list-style-type: none;\"><ul><li>Een \u00e9\u00e9njarige opleiding in de ontwikkelingsgerichte en experi\u00ebntele kinder- en jeugdpsychotherapie (School of Experimental and Dialectical Psychodrama)<\/li><\/ul><\/li><\/ul><ul><li style=\"list-style-type: none;\"><ul><li>Opleiding tot EMDR therapeute voor de verwerking van enkelvoudig en meervoudig trauma (EMDR-ATC centrum Nederland)<br \/><br \/><\/li><li>In het kader van permanente vorming volg ik nog regelmatig bijscholingen rond verschillende thema&#8217;s of psychotherapeutische technieken, bvb gezinsbegeleiding, mindfulness, relaxatietherapie.<br \/><br \/><\/li><li>Een opleiding tot Brainspotting therapeute (Brainspotting Belgium)<\/li><\/ul><\/li><\/ul>\t\t\t\t\t\t\t\t<\/div>\n\t\t\t\t<\/div>\n\t\t\t\t\t<\/div>\n\t\t<\/div>\n\t\t\t\t<div class=\"elementor-column elementor-col-50 elementor-top-column elementor-element elementor-element-179c229\" data-id=\"179c229\" data-element_type=\"column\">\n\t\t\t<div class=\"elementor-widget-wrap elementor-element-populated\">\n\t\t\t\t\t\t<div class=\"elementor-element elementor-element-156f0d3 elementor-widget elementor-widget-image\" data-id=\"156f0d3\" data-element_type=\"widget\" data-widget_type=\"image.default\">\n\t\t\t\t<div class=\"elementor-widget-container\">\n\t\t\t\t\t\t\t\t\t\t\t\t\t\t\t<img decoding=\"async\" src=\"https:\/\/psycholoog-psychotherapeut.com\/wp-content\/uploads\/elementor\/thumbs\/download-scaled-rhm0join5hckhpg9te661ndl8y38157palb4vfvjia.jpg\" title=\"download\" alt=\"download\" loading=\"lazy\" \/>\t\t\t\t\t\t\t\t\t\t\t\t\t\t\t<\/div>\n\t\t\t\t<\/div>\n\t\t\t\t\t<\/div>\n\t\t<\/div>\n\t\t\t\t\t<\/div>\n\t\t<\/section>\n\t\t\t\t<section class=\"elementor-section elementor-top-section elementor-element elementor-element-e16f20f elementor-section-boxed elementor-section-height-default elementor-section-height-default\" data-id=\"e16f20f\" data-element_type=\"section\">\n\t\t\t\t\t\t<div class=\"elementor-container elementor-column-gap-default\">\n\t\t\t\t\t<div class=\"elementor-column elementor-col-100 elementor-top-column elementor-element elementor-element-72d0969\" data-id=\"72d0969\" data-element_type=\"column\">\n\t\t\t<div class=\"elementor-widget-wrap elementor-element-populated\">\n\t\t\t\t\t\t<div class=\"elementor-element elementor-element-f50b76c elementor-button-success elementor-align-center elementor-widget elementor-widget-button\" data-id=\"f50b76c\" data-element_type=\"widget\" data-widget_type=\"button.default\">\n\t\t\t\t<div class=\"elementor-widget-container\">\n\t\t\t\t\t\t\t\t\t<div class=\"elementor-button-wrapper\">\n\t\t\t\t\t<a class=\"elementor-button elementor-button-link elementor-size-md\" href=\"http:\/\/psycholoog-psychotherapeut.com\/index.php\/contact\/\">\n\t\t\t\t\t\t<span class=\"elementor-button-content-wrapper\">\n\t\t\t\t\t\t<span class=\"elementor-button-icon\">\n\t\t\t\t<i aria-hidden=\"true\" class=\"far fa-envelope\"><\/i>\t\t\t<\/span>\n\t\t\t\t\t\t\t\t\t<span class=\"elementor-button-text\">Contact opnemen<\/span>\n\t\t\t\t\t<\/span>\n\t\t\t\t\t<\/a>\n\t\t\t\t<\/div>\n\t\t\t\t\t\t\t\t<\/div>\n\t\t\t\t<\/div>\n\t\t\t\t\t<\/div>\n\t\t<\/div>\n\t\t\t\t\t<\/div>\n\t\t<\/section>\n\t\t\t\t<\/div>\n\t\t","protected":false},"excerpt":{"rendered":"<p>Opleiding In 2009 studeerde ik met onderscheiding af als master in de klinische psychologie aan de Universiteit van Gent. Naast [&hellip;]<\/p>\n","protected":false},"author":1,"featured_media":0,"parent":0,"menu_order":0,"comment_status":"closed","ping_status":"closed","template":"page-templates\/template_page-builder.php","meta":{"footnotes":""},"class_list":["post-482","page","type-page","status-publish","hentry"],"_links":{"self":[{"href":"https:\/\/psycholoog-psychotherapeut.com\/index.php\/wp-json\/wp\/v2\/pages\/482","targetHints":{"allow":["GET"]}}],"collection":[{"href":"https:\/\/psycholoog-psychotherapeut.com\/index.php\/wp-json\/wp\/v2\/pages"}],"about":[{"href":"https:\/\/psycholoog-psychotherapeut.com\/index.php\/wp-json\/wp\/v2\/types\/page"}],"author":[{"embeddable":true,"href":"https:\/\/psycholoog-psychotherapeut.com\/index.php\/wp-json\/wp\/v2\/users\/1"}],"replies":[{"embeddable":true,"href":"https:\/\/psycholoog-psychotherapeut.com\/index.php\/wp-json\/wp\/v2\/comments?post=482"}],"version-history":[{"count":10,"href":"https:\/\/psycholoog-psychotherapeut.com\/index.php\/wp-json\/wp\/v2\/pages\/482\/revisions"}],"predecessor-version":[{"id":627,"href":"https:\/\/psycholoog-psychotherapeut.com\/index.php\/wp-json\/wp\/v2\/pages\/482\/revisions\/627"}],"wp:attachment":[{"href":"https:\/\/psycholoog-psychotherapeut.com\/index.php\/wp-json\/wp\/v2\/media?parent=482"}],"curies":[{"name":"wp","href":"https:\/\/api.w.org\/{rel}","templated":true}]}}